{"id":611,"date":"2026-03-19T09:44:36","date_gmt":"2026-03-19T12:44:36","guid":{"rendered":"https:\/\/aiglp.org\/aiglp2026\/?page_id=611"},"modified":"2026-03-19T09:56:33","modified_gmt":"2026-03-19T12:56:33","slug":"descarga-el-app","status":"publish","type":"page","link":"https:\/\/aiglp.org\/aiglp2026\/descarga-el-app\/","title":{"rendered":"Descarga el App"},"content":{"rendered":"\t\t<div data-elementor-type=\"wp-page\" data-elementor-id=\"611\" class=\"elementor elementor-611\" data-elementor-post-type=\"page\">\n\t\t\t\t<div class=\"elementor-element elementor-element-cb612ee e-flex e-con-boxed e-con e-parent\" data-id=\"cb612ee\" data-element_type=\"container\" data-e-type=\"container\">\n\t\t\t\t\t<div class=\"e-con-inner\">\n\t\t<div class=\"elementor-element elementor-element-6d3cefa e-con-full e-flex e-con e-child\" data-id=\"6d3cefa\" data-element_type=\"container\" data-e-type=\"container\">\n\t\t<div class=\"elementor-element elementor-element-7c72741 e-con-full e-flex e-con e-child\" data-id=\"7c72741\" data-element_type=\"container\" data-e-type=\"container\">\n\t\t\t\t<div class=\"elementor-element elementor-element-b36df05 elementor-view-stacked elementor-shape-square elementor-widget elementor-widget-icon\" data-id=\"b36df05\" data-element_type=\"widget\" data-e-type=\"widget\" data-widget_type=\"icon.default\">\n\t\t\t\t\t\t\t<div class=\"elementor-icon-wrapper\">\n\t\t\t<div class=\"elementor-icon\">\n\t\t\t<svg aria-hidden=\"true\" class=\"e-font-icon-svg e-fas-download\" viewBox=\"0 0 512 512\" xmlns=\"http:\/\/www.w3.org\/2000\/svg\"><path d=\"M216 0h80c13.3 0 24 10.7 24 24v168h87.7c17.8 0 26.7 21.5 14.1 34.1L269.7 378.3c-7.5 7.5-19.8 7.5-27.3 0L90.1 226.1c-12.6-12.6-3.7-34.1 14.1-34.1H192V24c0-13.3 10.7-24 24-24zm296 376v112c0 13.3-10.7 24-24 24H24c-13.3 0-24-10.7-24-24V376c0-13.3 10.7-24 24-24h146.7l49 49c20.1 20.1 52.5 20.1 72.6 0l49-49H488c13.3 0 24 10.7 24 24zm-124 88c0-11-9-20-20-20s-20 9-20 20 9 20 20 20 20-9 20-20zm64 0c0-11-9-20-20-20s-20 9-20 20 9 20 20 20 20-9 20-20z\"><\/path><\/svg>\t\t\t<\/div>\n\t\t<\/div>\n\t\t\t\t\t\t<\/div>\n\t\t\t\t<div class=\"elementor-element elementor-element-25b442d elementor-widget elementor-widget-heading\" data-id=\"25b442d\" data-element_type=\"widget\" data-e-type=\"widget\" data-widget_type=\"heading.default\">\n\t\t\t\t\t<h2 class=\"elementor-heading-title elementor-size-default\">Descarga el App<\/h2>\t\t\t\t<\/div>\n\t\t\t\t<\/div>\n\t\t<div class=\"elementor-element elementor-element-e8f7478 e-con-full e-flex e-con e-child\" data-id=\"e8f7478\" data-element_type=\"container\" data-e-type=\"container\">\n\t\t\t\t<div class=\"elementor-element elementor-element-e24572f elementor-widget elementor-widget-text-editor\" data-id=\"e24572f\" data-element_type=\"widget\" data-e-type=\"widget\" data-widget_type=\"text-editor.default\">\n\t\t\t\t\t\t\t\t\t<div>De la experiencia de los Congresos de la AIGLP, naci\u00f3 la aplicaci\u00f3n m\u00f3vil cuidadosamente desarrollada, que brinda a los participantes un gu\u00eda personal en la palma de su mano para aprovechar al m\u00e1ximo cada momento del evento.<\/div>\t\t\t\t\t\t\t\t<\/div>\n\t\t\t\t<\/div>\n\t\t<div class=\"elementor-element elementor-element-b3ad0dd e-flex e-con-boxed e-con e-child\" data-id=\"b3ad0dd\" data-element_type=\"container\" data-e-type=\"container\">\n\t\t\t\t\t<div class=\"e-con-inner\">\n\t\t\t\t<div class=\"elementor-element elementor-element-7767d53 elementor-widget elementor-widget-image\" data-id=\"7767d53\" data-element_type=\"widget\" data-e-type=\"widget\" data-widget_type=\"image.default\">\n\t\t\t\t\t\t\t\t\t\t\t\t\t\t\t\t<a href=\"https:\/\/play.google.com\/store\/apps\/details?id=org.aiglp.aiglp_mobile\" target=\"_blank\">\n\t\t\t\t\t\t\t<img decoding=\"async\" width=\"214\" height=\"71\" src=\"https:\/\/aiglp.org\/aiglp2026\/wp-content\/uploads\/2026\/03\/google-play.png\" class=\"attachment-large size-large wp-image-613\" alt=\"\" \/>\t\t\t\t\t\t\t\t<\/a>\n\t\t\t\t\t\t\t\t\t\t\t\t\t\t\t<\/div>\n\t\t\t\t<div class=\"elementor-element elementor-element-dbd0063 elementor-widget elementor-widget-image\" data-id=\"dbd0063\" data-element_type=\"widget\" data-e-type=\"widget\" data-widget_type=\"image.default\">\n\t\t\t\t\t\t\t\t\t\t\t\t\t\t\t\t<a href=\"https:\/\/apps.apple.com\/br\/app\/congresso-aiglp\/id6467756717\" target=\"_blank\">\n\t\t\t\t\t\t\t<img decoding=\"async\" width=\"214\" height=\"71\" src=\"https:\/\/aiglp.org\/aiglp2026\/wp-content\/uploads\/2026\/03\/app-store.png\" class=\"attachment-large size-large wp-image-614\" alt=\"\" \/>\t\t\t\t\t\t\t\t<\/a>\n\t\t\t\t\t\t\t\t\t\t\t\t\t\t\t<\/div>\n\t\t\t\t\t<\/div>\n\t\t\t\t<\/div>\n\t\t\t\t<\/div>\n\t\t<div class=\"elementor-element elementor-element-2f86b97 e-con-full e-flex e-con e-child\" data-id=\"2f86b97\" data-element_type=\"container\" data-e-type=\"container\">\n\t\t\t\t<div class=\"elementor-element elementor-element-84d63dd elementor-widget elementor-widget-image\" data-id=\"84d63dd\" data-element_type=\"widget\" data-e-type=\"widget\" data-widget_type=\"image.default\">\n\t\t\t\t\t\t\t\t\t\t\t\t\t\t\t<img fetchpriority=\"high\" decoding=\"async\" width=\"540\" height=\"960\" src=\"https:\/\/aiglp.org\/aiglp2026\/wp-content\/uploads\/2026\/03\/print-app-3.webp\" class=\"attachment-large size-large wp-image-615\" alt=\"\" srcset=\"https:\/\/aiglp.org\/aiglp2026\/wp-content\/uploads\/2026\/03\/print-app-3.webp 540w, https:\/\/aiglp.org\/aiglp2026\/wp-content\/uploads\/2026\/03\/print-app-3-169x300.webp 169w\" sizes=\"(max-width: 540px) 100vw, 540px\" \/>\t\t\t\t\t\t\t\t\t\t\t\t\t\t\t<\/div>\n\t\t\t\t<\/div>\n\t\t\t\t\t<\/div>\n\t\t\t\t<\/div>\n\t\t\t\t<\/div>\n\t\t","protected":false},"excerpt":{"rendered":"<p>Descarga el App De la experiencia de los Congresos de la AIGLP, naci\u00f3 la aplicaci\u00f3n m\u00f3vil cuidadosamente desarrollada, que brinda a los participantes un gu\u00eda personal en la palma de su mano para aprovechar al m\u00e1ximo cada momento del evento.<\/p>\n","protected":false},"author":1,"featured_media":0,"parent":0,"menu_order":0,"comment_status":"closed","ping_status":"closed","template":"elementor_header_footer","meta":{"footnotes":""},"class_list":["post-611","page","type-page","status-publish","hentry"],"_links":{"self":[{"href":"https:\/\/aiglp.org\/aiglp2026\/wp-json\/wp\/v2\/pages\/611","targetHints":{"allow":["GET"]}}],"collection":[{"href":"https:\/\/aiglp.org\/aiglp2026\/wp-json\/wp\/v2\/pages"}],"about":[{"href":"https:\/\/aiglp.org\/aiglp2026\/wp-json\/wp\/v2\/types\/page"}],"author":[{"embeddable":true,"href":"https:\/\/aiglp.org\/aiglp2026\/wp-json\/wp\/v2\/users\/1"}],"replies":[{"embeddable":true,"href":"https:\/\/aiglp.org\/aiglp2026\/wp-json\/wp\/v2\/comments?post=611"}],"version-history":[{"count":13,"href":"https:\/\/aiglp.org\/aiglp2026\/wp-json\/wp\/v2\/pages\/611\/revisions"}],"predecessor-version":[{"id":640,"href":"https:\/\/aiglp.org\/aiglp2026\/wp-json\/wp\/v2\/pages\/611\/revisions\/640"}],"wp:attachment":[{"href":"https:\/\/aiglp.org\/aiglp2026\/wp-json\/wp\/v2\/media?parent=611"}],"curies":[{"name":"wp","href":"https:\/\/api.w.org\/{rel}","templated":true}]}}