{"id":1231,"date":"2024-03-25T09:57:51","date_gmt":"2024-03-25T12:57:51","guid":{"rendered":"https:\/\/aiglp.org\/aiglp2024\/?page_id=1231"},"modified":"2024-03-25T10:13:57","modified_gmt":"2024-03-25T13:13:57","slug":"galeria","status":"publish","type":"page","link":"https:\/\/aiglp.org\/aiglp2024\/galeria\/","title":{"rendered":"Galer\u00eda"},"content":{"rendered":"\t\t<div data-elementor-type=\"wp-page\" data-elementor-id=\"1231\" class=\"elementor elementor-1231\" data-elementor-post-type=\"page\">\n\t\t\t\t<div class=\"elementor-element elementor-element-ad08b73 e-flex e-con-boxed e-con e-parent\" data-id=\"ad08b73\" data-element_type=\"container\" data-settings=\"{&quot;background_background&quot;:&quot;classic&quot;,&quot;shape_divider_top&quot;:&quot;waves&quot;,&quot;shape_divider_top_negative&quot;:&quot;yes&quot;,&quot;shape_divider_bottom&quot;:&quot;waves&quot;,&quot;shape_divider_bottom_negative&quot;:&quot;yes&quot;,&quot;content_width&quot;:&quot;boxed&quot;}\" data-core-v316-plus=\"true\">\n\t\t\t\t\t<div class=\"e-con-inner\">\n\t\t\t\t<div class=\"elementor-shape elementor-shape-top\" data-negative=\"true\">\n\t\t\t<svg xmlns=\"http:\/\/www.w3.org\/2000\/svg\" viewBox=\"0 0 1000 100\" preserveAspectRatio=\"none\">\n\t<path class=\"elementor-shape-fill\" d=\"M790.5,93.1c-59.3-5.3-116.8-18-192.6-50c-29.6-12.7-76.9-31-100.5-35.9c-23.6-4.9-52.6-7.8-75.5-5.3\n\tc-10.2,1.1-22.6,1.4-50.1,7.4c-27.2,6.3-58.2,16.6-79.4,24.7c-41.3,15.9-94.9,21.9-134,22.6C72,58.2,0,25.8,0,25.8V100h1000V65.3\n\tc0,0-51.5,19.4-106.2,25.7C839.5,97,814.1,95.2,790.5,93.1z\"\/>\n<\/svg>\t\t<\/div>\n\t\t\t\t<div class=\"elementor-shape elementor-shape-bottom\" data-negative=\"true\">\n\t\t\t<svg xmlns=\"http:\/\/www.w3.org\/2000\/svg\" viewBox=\"0 0 1000 100\" preserveAspectRatio=\"none\">\n\t<path class=\"elementor-shape-fill\" d=\"M790.5,93.1c-59.3-5.3-116.8-18-192.6-50c-29.6-12.7-76.9-31-100.5-35.9c-23.6-4.9-52.6-7.8-75.5-5.3\n\tc-10.2,1.1-22.6,1.4-50.1,7.4c-27.2,6.3-58.2,16.6-79.4,24.7c-41.3,15.9-94.9,21.9-134,22.6C72,58.2,0,25.8,0,25.8V100h1000V65.3\n\tc0,0-51.5,19.4-106.2,25.7C839.5,97,814.1,95.2,790.5,93.1z\"\/>\n<\/svg>\t\t<\/div>\n\t\t<div class=\"elementor-element elementor-element-2c116f6 e-flex e-con-boxed e-con e-child\" data-id=\"2c116f6\" data-element_type=\"container\" data-settings=\"{&quot;content_width&quot;:&quot;boxed&quot;}\">\n\t\t\t\t\t<div class=\"e-con-inner\">\n\t\t\t\t<div class=\"elementor-element elementor-element-79a30cd elementor-widget__width-auto elementor-widget elementor-widget-heading\" data-id=\"79a30cd\" data-element_type=\"widget\" data-widget_type=\"heading.default\">\n\t\t\t\t<div class=\"elementor-widget-container\">\n\t\t\t<style>\/*! elementor - v3.19.0 - 07-02-2024 *\/\n.elementor-heading-title{padding:0;margin:0;line-height:1}.elementor-widget-heading .elementor-heading-title[class*=elementor-size-]>a{color:inherit;font-size:inherit;line-height:inherit}.elementor-widget-heading .elementor-heading-title.elementor-size-small{font-size:15px}.elementor-widget-heading .elementor-heading-title.elementor-size-medium{font-size:19px}.elementor-widget-heading .elementor-heading-title.elementor-size-large{font-size:29px}.elementor-widget-heading .elementor-heading-title.elementor-size-xl{font-size:39px}.elementor-widget-heading .elementor-heading-title.elementor-size-xxl{font-size:59px}<\/style><h2 class=\"elementor-heading-title elementor-size-default\">GALER\u00cdA<\/h2>\t\t<\/div>\n\t\t\t\t<\/div>\n\t\t\t\t\t<\/div>\n\t\t\t\t<\/div>\n\t\t<div class=\"elementor-element elementor-element-625b1d3 e-flex e-con-boxed e-con e-child\" data-id=\"625b1d3\" data-element_type=\"container\" data-settings=\"{&quot;content_width&quot;:&quot;boxed&quot;}\">\n\t\t\t\t\t<div class=\"e-con-inner\">\n\t\t<div class=\"elementor-element elementor-element-06e0ad0 e-con-full e-flex e-con e-child\" data-id=\"06e0ad0\" data-element_type=\"container\" data-settings=\"{&quot;content_width&quot;:&quot;full&quot;}\">\n\t\t\t\t<div class=\"elementor-element elementor-element-245dfc0 elementor-position-top elementor-widget elementor-widget-image-box\" data-id=\"245dfc0\" data-element_type=\"widget\" data-widget_type=\"image-box.default\">\n\t\t\t\t<div class=\"elementor-widget-container\">\n\t\t\t<style>\/*! elementor - v3.19.0 - 07-02-2024 *\/\n.elementor-widget-image-box .elementor-image-box-content{width:100%}@media (min-width:768px){.elementor-widget-image-box.elementor-position-left .elementor-image-box-wrapper,.elementor-widget-image-box.elementor-position-right .elementor-image-box-wrapper{display:flex}.elementor-widget-image-box.elementor-position-right .elementor-image-box-wrapper{text-align:right;flex-direction:row-reverse}.elementor-widget-image-box.elementor-position-left .elementor-image-box-wrapper{text-align:left;flex-direction:row}.elementor-widget-image-box.elementor-position-top .elementor-image-box-img{margin:auto}.elementor-widget-image-box.elementor-vertical-align-top .elementor-image-box-wrapper{align-items:flex-start}.elementor-widget-image-box.elementor-vertical-align-middle .elementor-image-box-wrapper{align-items:center}.elementor-widget-image-box.elementor-vertical-align-bottom .elementor-image-box-wrapper{align-items:flex-end}}@media (max-width:767px){.elementor-widget-image-box .elementor-image-box-img{margin-left:auto!important;margin-right:auto!important;margin-bottom:15px}}.elementor-widget-image-box .elementor-image-box-img{display:inline-block}.elementor-widget-image-box .elementor-image-box-title a{color:inherit}.elementor-widget-image-box .elementor-image-box-wrapper{text-align:center}.elementor-widget-image-box .elementor-image-box-description{margin:0}<\/style><div class=\"elementor-image-box-wrapper\"><figure class=\"elementor-image-box-img\"><a href=\"https:\/\/aiglp.org\/aiglp2024\/galeria\/cena-de-confraternizacion\/\" tabindex=\"-1\"><img fetchpriority=\"high\" decoding=\"async\" width=\"1200\" height=\"800\" src=\"https:\/\/aiglp.org\/aiglp2024\/wp-content\/uploads\/2024\/03\/cena-confraternizacion-05.jpg\" class=\"attachment-full size-full wp-image-1241\" alt=\"\" srcset=\"https:\/\/aiglp.org\/aiglp2024\/wp-content\/uploads\/2024\/03\/cena-confraternizacion-05.jpg 1200w, https:\/\/aiglp.org\/aiglp2024\/wp-content\/uploads\/2024\/03\/cena-confraternizacion-05-300x200.jpg 300w, https:\/\/aiglp.org\/aiglp2024\/wp-content\/uploads\/2024\/03\/cena-confraternizacion-05-1024x683.jpg 1024w, https:\/\/aiglp.org\/aiglp2024\/wp-content\/uploads\/2024\/03\/cena-confraternizacion-05-768x512.jpg 768w\" sizes=\"(max-width: 1200px) 100vw, 1200px\" \/><\/a><\/figure><div class=\"elementor-image-box-content\"><h3 class=\"elementor-image-box-title\"><a href=\"https:\/\/aiglp.org\/aiglp2024\/galeria\/cena-de-confraternizacion\/\"> Cena de Confraternizaci\u00f3n<\/a><\/h3><\/div><\/div>\t\t<\/div>\n\t\t\t\t<\/div>\n\t\t\t\t<\/div>\n\t\t<div class=\"elementor-element elementor-element-1d85fe4 e-con-full e-flex e-con e-child\" data-id=\"1d85fe4\" data-element_type=\"container\" data-settings=\"{&quot;content_width&quot;:&quot;full&quot;}\">\n\t\t\t\t<div class=\"elementor-element elementor-element-dca7df3 elementor-position-top elementor-widget elementor-widget-image-box\" data-id=\"dca7df3\" data-element_type=\"widget\" data-widget_type=\"image-box.default\">\n\t\t\t\t<div class=\"elementor-widget-container\">\n\t\t\t<div class=\"elementor-image-box-wrapper\"><figure class=\"elementor-image-box-img\"><a href=\"https:\/\/aiglp.org\/aiglp2024\/galeria\/coctel-de-bienvenida\/\" tabindex=\"-1\"><img decoding=\"async\" width=\"1333\" height=\"889\" src=\"https:\/\/aiglp.org\/aiglp2024\/wp-content\/uploads\/2024\/03\/coctel-de-bienvenida-01.jpg\" class=\"attachment-full size-full wp-image-1264\" alt=\"\" srcset=\"https:\/\/aiglp.org\/aiglp2024\/wp-content\/uploads\/2024\/03\/coctel-de-bienvenida-01.jpg 1333w, https:\/\/aiglp.org\/aiglp2024\/wp-content\/uploads\/2024\/03\/coctel-de-bienvenida-01-300x200.jpg 300w, https:\/\/aiglp.org\/aiglp2024\/wp-content\/uploads\/2024\/03\/coctel-de-bienvenida-01-1024x683.jpg 1024w, https:\/\/aiglp.org\/aiglp2024\/wp-content\/uploads\/2024\/03\/coctel-de-bienvenida-01-768x512.jpg 768w\" sizes=\"(max-width: 1333px) 100vw, 1333px\" \/><\/a><\/figure><div class=\"elementor-image-box-content\"><h3 class=\"elementor-image-box-title\"><a href=\"https:\/\/aiglp.org\/aiglp2024\/galeria\/coctel-de-bienvenida\/\">C\u00f3ctel de Bienvenida<\/a><\/h3><\/div><\/div>\t\t<\/div>\n\t\t\t\t<\/div>\n\t\t\t\t<\/div>\n\t\t<div class=\"elementor-element elementor-element-c776b3c e-con-full e-flex e-con e-child\" data-id=\"c776b3c\" data-element_type=\"container\" data-settings=\"{&quot;content_width&quot;:&quot;full&quot;}\">\n\t\t\t\t<div class=\"elementor-element elementor-element-22e5d23 elementor-position-top elementor-widget elementor-widget-image-box\" data-id=\"22e5d23\" data-element_type=\"widget\" data-widget_type=\"image-box.default\">\n\t\t\t\t<div class=\"elementor-widget-container\">\n\t\t\t<div class=\"elementor-image-box-wrapper\"><figure class=\"elementor-image-box-img\"><a href=\"https:\/\/aiglp.org\/aiglp2024\/galeria\/segundo-dia\/\" tabindex=\"-1\"><img decoding=\"async\" width=\"1200\" height=\"800\" src=\"https:\/\/aiglp.org\/aiglp2024\/wp-content\/uploads\/2024\/03\/segundo-dia-01.jpg\" class=\"attachment-full size-full wp-image-1289\" alt=\"\" srcset=\"https:\/\/aiglp.org\/aiglp2024\/wp-content\/uploads\/2024\/03\/segundo-dia-01.jpg 1200w, https:\/\/aiglp.org\/aiglp2024\/wp-content\/uploads\/2024\/03\/segundo-dia-01-300x200.jpg 300w, https:\/\/aiglp.org\/aiglp2024\/wp-content\/uploads\/2024\/03\/segundo-dia-01-1024x683.jpg 1024w, https:\/\/aiglp.org\/aiglp2024\/wp-content\/uploads\/2024\/03\/segundo-dia-01-768x512.jpg 768w\" sizes=\"(max-width: 1200px) 100vw, 1200px\" \/><\/a><\/figure><div class=\"elementor-image-box-content\"><h3 class=\"elementor-image-box-title\"><a href=\"https:\/\/aiglp.org\/aiglp2024\/galeria\/segundo-dia\/\">Segundo d\u00eda<\/a><\/h3><\/div><\/div>\t\t<\/div>\n\t\t\t\t<\/div>\n\t\t\t\t<\/div>\n\t\t<div class=\"elementor-element elementor-element-85c2367 e-con-full e-flex e-con e-child\" data-id=\"85c2367\" data-element_type=\"container\" data-settings=\"{&quot;content_width&quot;:&quot;full&quot;}\">\n\t\t\t\t<div class=\"elementor-element elementor-element-31ab8a5 elementor-position-top elementor-widget elementor-widget-image-box\" data-id=\"31ab8a5\" data-element_type=\"widget\" data-widget_type=\"image-box.default\">\n\t\t\t\t<div class=\"elementor-widget-container\">\n\t\t\t<div class=\"elementor-image-box-wrapper\"><figure class=\"elementor-image-box-img\"><a href=\"https:\/\/aiglp.org\/aiglp2024\/galeria\/ultimo-dia\/\" tabindex=\"-1\"><img loading=\"lazy\" decoding=\"async\" width=\"1200\" height=\"800\" src=\"https:\/\/aiglp.org\/aiglp2024\/wp-content\/uploads\/2024\/03\/ultimo-dia-01.jpg\" class=\"attachment-full size-full wp-image-1318\" alt=\"\" srcset=\"https:\/\/aiglp.org\/aiglp2024\/wp-content\/uploads\/2024\/03\/ultimo-dia-01.jpg 1200w, https:\/\/aiglp.org\/aiglp2024\/wp-content\/uploads\/2024\/03\/ultimo-dia-01-300x200.jpg 300w, https:\/\/aiglp.org\/aiglp2024\/wp-content\/uploads\/2024\/03\/ultimo-dia-01-1024x683.jpg 1024w, https:\/\/aiglp.org\/aiglp2024\/wp-content\/uploads\/2024\/03\/ultimo-dia-01-768x512.jpg 768w\" sizes=\"(max-width: 1200px) 100vw, 1200px\" \/><\/a><\/figure><div class=\"elementor-image-box-content\"><h3 class=\"elementor-image-box-title\"><a href=\"https:\/\/aiglp.org\/aiglp2024\/galeria\/ultimo-dia\/\">\u00daltimo d\u00eda<\/a><\/h3><\/div><\/div>\t\t<\/div>\n\t\t\t\t<\/div>\n\t\t\t\t<\/div>\n\t\t\t\t\t<\/div>\n\t\t\t\t<\/div>\n\t\t\t\t\t<\/div>\n\t\t\t\t<\/div>\n\t\t\t\t<\/div>\n\t\t","protected":false},"excerpt":{"rendered":"<p>GALER\u00cdA Cena de Confraternizaci\u00f3n C\u00f3ctel de Bienvenida Segundo d\u00eda \u00daltimo d\u00eda<\/p>\n","protected":false},"author":1,"featured_media":0,"parent":0,"menu_order":0,"comment_status":"closed","ping_status":"closed","template":"elementor_header_footer","meta":{"inline_featured_image":false,"footnotes":""},"class_list":["post-1231","page","type-page","status-publish","hentry"],"_links":{"self":[{"href":"https:\/\/aiglp.org\/aiglp2024\/wp-json\/wp\/v2\/pages\/1231","targetHints":{"allow":["GET"]}}],"collection":[{"href":"https:\/\/aiglp.org\/aiglp2024\/wp-json\/wp\/v2\/pages"}],"about":[{"href":"https:\/\/aiglp.org\/aiglp2024\/wp-json\/wp\/v2\/types\/page"}],"author":[{"embeddable":true,"href":"https:\/\/aiglp.org\/aiglp2024\/wp-json\/wp\/v2\/users\/1"}],"replies":[{"embeddable":true,"href":"https:\/\/aiglp.org\/aiglp2024\/wp-json\/wp\/v2\/comments?post=1231"}],"version-history":[{"count":7,"href":"https:\/\/aiglp.org\/aiglp2024\/wp-json\/wp\/v2\/pages\/1231\/revisions"}],"predecessor-version":[{"id":1337,"href":"https:\/\/aiglp.org\/aiglp2024\/wp-json\/wp\/v2\/pages\/1231\/revisions\/1337"}],"wp:attachment":[{"href":"https:\/\/aiglp.org\/aiglp2024\/wp-json\/wp\/v2\/media?parent=1231"}],"curies":[{"name":"wp","href":"https:\/\/api.w.org\/{rel}","templated":true}]}}