{"id":1712,"date":"2023-03-29T16:22:16","date_gmt":"2023-03-29T19:22:16","guid":{"rendered":"http:\/\/aiglp3.hospedagemdesites.ws\/aiglp2023\/?page_id=1712"},"modified":"2023-04-05T10:24:30","modified_gmt":"2023-04-05T13:24:30","slug":"galeria","status":"publish","type":"page","link":"https:\/\/aiglp.org\/aiglp2023\/galeria\/","title":{"rendered":"Galer\u00eda"},"content":{"rendered":"\t\t<div data-elementor-type=\"wp-page\" data-elementor-id=\"1712\" class=\"elementor elementor-1712\">\n\t\t\t\t\t\t\t<div class=\"elementor-element elementor-element-2affc8d e-con-full e-con\" data-id=\"2affc8d\" data-element_type=\"container\" data-settings=\"{&quot;content_width&quot;:&quot;full&quot;}\">\n\t\t\t\t<div class=\"elementor-element elementor-element-f1e540b elementor-widget elementor-widget-image\" data-id=\"f1e540b\" data-element_type=\"widget\" data-widget_type=\"image.default\">\n\t\t\t\t<div class=\"elementor-widget-container\">\n\t\t\t<style>\/*! elementor - v3.11.1 - 15-02-2023 *\/\n.elementor-widget-image{text-align:center}.elementor-widget-image a{display:inline-block}.elementor-widget-image a img[src$=\".svg\"]{width:48px}.elementor-widget-image img{vertical-align:middle;display:inline-block}<\/style>\t\t\t\t\t\t\t\t\t\t\t\t<img loading=\"lazy\" decoding=\"async\" width=\"2600\" height=\"481\" src=\"https:\/\/aiglp.org\/aiglp2023\/wp-content\/uploads\/2022\/09\/topo-1.png\" class=\"attachment-full size-full wp-image-867\" alt=\"\" srcset=\"https:\/\/aiglp.org\/aiglp2023\/wp-content\/uploads\/2022\/09\/topo-1.png 2600w, https:\/\/aiglp.org\/aiglp2023\/wp-content\/uploads\/2022\/09\/topo-1-300x56.png 300w, https:\/\/aiglp.org\/aiglp2023\/wp-content\/uploads\/2022\/09\/topo-1-1024x189.png 1024w, https:\/\/aiglp.org\/aiglp2023\/wp-content\/uploads\/2022\/09\/topo-1-768x142.png 768w, https:\/\/aiglp.org\/aiglp2023\/wp-content\/uploads\/2022\/09\/topo-1-1536x284.png 1536w, https:\/\/aiglp.org\/aiglp2023\/wp-content\/uploads\/2022\/09\/topo-1-2048x379.png 2048w\" sizes=\"auto, (max-width: 2600px) 100vw, 2600px\" \/>\t\t\t\t\t\t\t\t\t\t\t\t\t\t\t<\/div>\n\t\t\t\t<\/div>\n\t\t\t\t<\/div>\n\t\t<div class=\"elementor-element elementor-element-671b5b1 e-con-boxed e-con\" data-id=\"671b5b1\" data-element_type=\"container\" data-settings=\"{&quot;content_width&quot;:&quot;boxed&quot;}\">\n\t\t\t\t\t<div class=\"e-con-inner\">\n\t\t<div class=\"elementor-element elementor-element-90773fd e-con-full e-con\" data-id=\"90773fd\" data-element_type=\"container\" data-settings=\"{&quot;content_width&quot;:&quot;full&quot;}\">\n\t\t\t\t<div class=\"elementor-element elementor-element-939317b elementor-widget elementor-widget-heading\" data-id=\"939317b\" data-element_type=\"widget\" data-widget_type=\"heading.default\">\n\t\t\t\t<div class=\"elementor-widget-container\">\n\t\t\t<style>\/*! elementor - v3.11.1 - 15-02-2023 *\/\n.elementor-heading-title{padding:0;margin:0;line-height:1}.elementor-widget-heading .elementor-heading-title[class*=elementor-size-]>a{color:inherit;font-size:inherit;line-height:inherit}.elementor-widget-heading .elementor-heading-title.elementor-size-small{font-size:15px}.elementor-widget-heading .elementor-heading-title.elementor-size-medium{font-size:19px}.elementor-widget-heading .elementor-heading-title.elementor-size-large{font-size:29px}.elementor-widget-heading .elementor-heading-title.elementor-size-xl{font-size:39px}.elementor-widget-heading .elementor-heading-title.elementor-size-xxl{font-size:59px}<\/style><h2 class=\"elementor-heading-title elementor-size-default\">Galer\u00eda<\/h2>\t\t<\/div>\n\t\t\t\t<\/div>\n\t\t\t\t<div class=\"elementor-element elementor-element-64d6c0e elementor-widget-divider--view-line elementor-widget elementor-widget-divider\" data-id=\"64d6c0e\" data-element_type=\"widget\" data-widget_type=\"divider.default\">\n\t\t\t\t<div class=\"elementor-widget-container\">\n\t\t\t<style>\/*! elementor - v3.11.1 - 15-02-2023 *\/\n.elementor-widget-divider{--divider-border-style:none;--divider-border-width:1px;--divider-color:#2c2c2c;--divider-icon-size:20px;--divider-element-spacing:10px;--divider-pattern-height:24px;--divider-pattern-size:20px;--divider-pattern-url:none;--divider-pattern-repeat:repeat-x}.elementor-widget-divider .elementor-divider{display:flex}.elementor-widget-divider .elementor-divider__text{font-size:15px;line-height:1;max-width:95%}.elementor-widget-divider .elementor-divider__element{margin:0 var(--divider-element-spacing);flex-shrink:0}.elementor-widget-divider .elementor-icon{font-size:var(--divider-icon-size)}.elementor-widget-divider .elementor-divider-separator{display:flex;margin:0;direction:ltr}.elementor-widget-divider--view-line_icon .elementor-divider-separator,.elementor-widget-divider--view-line_text .elementor-divider-separator{align-items:center}.elementor-widget-divider--view-line_icon .elementor-divider-separator:after,.elementor-widget-divider--view-line_icon .elementor-divider-separator:before,.elementor-widget-divider--view-line_text .elementor-divider-separator:after,.elementor-widget-divider--view-line_text .elementor-divider-separator:before{display:block;content:\"\";border-bottom:0;flex-grow:1;border-top:var(--divider-border-width) var(--divider-border-style) var(--divider-color)}.elementor-widget-divider--element-align-left .elementor-divider .elementor-divider-separator>.elementor-divider__svg:first-of-type{flex-grow:0;flex-shrink:100}.elementor-widget-divider--element-align-left .elementor-divider-separator:before{content:none}.elementor-widget-divider--element-align-left .elementor-divider__element{margin-left:0}.elementor-widget-divider--element-align-right .elementor-divider .elementor-divider-separator>.elementor-divider__svg:last-of-type{flex-grow:0;flex-shrink:100}.elementor-widget-divider--element-align-right .elementor-divider-separator:after{content:none}.elementor-widget-divider--element-align-right .elementor-divider__element{margin-right:0}.elementor-widget-divider:not(.elementor-widget-divider--view-line_text):not(.elementor-widget-divider--view-line_icon) .elementor-divider-separator{border-top:var(--divider-border-width) var(--divider-border-style) var(--divider-color)}.elementor-widget-divider--separator-type-pattern{--divider-border-style:none}.elementor-widget-divider--separator-type-pattern.elementor-widget-divider--view-line .elementor-divider-separator,.elementor-widget-divider--separator-type-pattern:not(.elementor-widget-divider--view-line) .elementor-divider-separator:after,.elementor-widget-divider--separator-type-pattern:not(.elementor-widget-divider--view-line) .elementor-divider-separator:before,.elementor-widget-divider--separator-type-pattern:not([class*=elementor-widget-divider--view]) .elementor-divider-separator{width:100%;min-height:var(--divider-pattern-height);-webkit-mask-size:var(--divider-pattern-size) 100%;mask-size:var(--divider-pattern-size) 100%;-webkit-mask-repeat:var(--divider-pattern-repeat);mask-repeat:var(--divider-pattern-repeat);background-color:var(--divider-color);-webkit-mask-image:var(--divider-pattern-url);mask-image:var(--divider-pattern-url)}.elementor-widget-divider--no-spacing{--divider-pattern-size:auto}.elementor-widget-divider--bg-round{--divider-pattern-repeat:round}.rtl .elementor-widget-divider .elementor-divider__text{direction:rtl}.e-con-inner>.elementor-widget-divider,.e-con>.elementor-widget-divider{width:var(--container-widget-width,100%);--flex-grow:var(--container-widget-flex-grow)}<\/style>\t\t<div class=\"elementor-divider\">\n\t\t\t<span class=\"elementor-divider-separator\">\n\t\t\t\t\t\t<\/span>\n\t\t<\/div>\n\t\t\t\t<\/div>\n\t\t\t\t<\/div>\n\t\t\t\t<\/div>\n\t\t\t\t\t<\/div>\n\t\t\t\t<\/div>\n\t\t<div class=\"elementor-element elementor-element-32e6210 e-con-boxed e-con\" data-id=\"32e6210\" data-element_type=\"container\" data-settings=\"{&quot;content_width&quot;:&quot;boxed&quot;}\">\n\t\t\t\t\t<div class=\"e-con-inner\">\n\t\t<div class=\"elementor-element elementor-element-0a59e4d e-con-full e-con\" data-id=\"0a59e4d\" data-element_type=\"container\" data-settings=\"{&quot;content_width&quot;:&quot;full&quot;}\">\n\t\t\t\t<div class=\"elementor-element elementor-element-c101a5e elementor-widget elementor-widget-image\" data-id=\"c101a5e\" data-element_type=\"widget\" data-widget_type=\"image.default\">\n\t\t\t\t<div class=\"elementor-widget-container\">\n\t\t\t\t\t\t\t\t\t\t\t\t\t\t\t\t<a href=\"http:\/\/aiglp3.hospedagemdesites.ws\/aiglp2023\/galeria\/coctel-de-bienvenida\/\">\n\t\t\t\t\t\t\t<img loading=\"lazy\" decoding=\"async\" width=\"800\" height=\"534\" src=\"https:\/\/aiglp.org\/aiglp2023\/wp-content\/uploads\/2023\/04\/2D4A3707-1024x683.jpg\" class=\"attachment-large size-large wp-image-1770\" alt=\"\" srcset=\"https:\/\/aiglp.org\/aiglp2023\/wp-content\/uploads\/2023\/04\/2D4A3707-1024x683.jpg 1024w, https:\/\/aiglp.org\/aiglp2023\/wp-content\/uploads\/2023\/04\/2D4A3707-300x200.jpg 300w, https:\/\/aiglp.org\/aiglp2023\/wp-content\/uploads\/2023\/04\/2D4A3707-768x512.jpg 768w, https:\/\/aiglp.org\/aiglp2023\/wp-content\/uploads\/2023\/04\/2D4A3707.jpg 1200w\" sizes=\"auto, (max-width: 800px) 100vw, 800px\" \/>\t\t\t\t\t\t\t\t<\/a>\n\t\t\t\t\t\t\t\t\t\t\t\t\t\t\t<\/div>\n\t\t\t\t<\/div>\n\t\t\t\t<div class=\"elementor-element elementor-element-d140e13 elementor-widget elementor-widget-heading\" data-id=\"d140e13\" data-element_type=\"widget\" data-widget_type=\"heading.default\">\n\t\t\t\t<div class=\"elementor-widget-container\">\n\t\t\t<h2 class=\"elementor-heading-title elementor-size-default\"><a href=\"http:\/\/aiglp3.hospedagemdesites.ws\/aiglp2023\/galeria\/coctel-de-bienvenida\/\">C\u00f3ctel de Bienvenida<\/a><\/h2>\t\t<\/div>\n\t\t\t\t<\/div>\n\t\t\t\t<\/div>\n\t\t<div class=\"elementor-element elementor-element-a69c919 e-con-full e-con\" data-id=\"a69c919\" data-element_type=\"container\" data-settings=\"{&quot;content_width&quot;:&quot;full&quot;}\">\n\t\t\t\t<div class=\"elementor-element elementor-element-a83bed4 elementor-widget elementor-widget-image\" data-id=\"a83bed4\" data-element_type=\"widget\" data-widget_type=\"image.default\">\n\t\t\t\t<div class=\"elementor-widget-container\">\n\t\t\t\t\t\t\t\t\t\t\t\t\t\t\t\t<a href=\"http:\/\/aiglp3.hospedagemdesites.ws\/aiglp2023\/galeria\/segundo-dia\/\">\n\t\t\t\t\t\t\t<img loading=\"lazy\" decoding=\"async\" width=\"800\" height=\"534\" src=\"https:\/\/aiglp.org\/aiglp2023\/wp-content\/uploads\/2023\/04\/0R4A1524-1024x683.jpg\" class=\"attachment-large size-large wp-image-1886\" alt=\"\" srcset=\"https:\/\/aiglp.org\/aiglp2023\/wp-content\/uploads\/2023\/04\/0R4A1524-1024x683.jpg 1024w, https:\/\/aiglp.org\/aiglp2023\/wp-content\/uploads\/2023\/04\/0R4A1524-300x200.jpg 300w, https:\/\/aiglp.org\/aiglp2023\/wp-content\/uploads\/2023\/04\/0R4A1524-768x512.jpg 768w, https:\/\/aiglp.org\/aiglp2023\/wp-content\/uploads\/2023\/04\/0R4A1524.jpg 1200w\" sizes=\"auto, (max-width: 800px) 100vw, 800px\" \/>\t\t\t\t\t\t\t\t<\/a>\n\t\t\t\t\t\t\t\t\t\t\t\t\t\t\t<\/div>\n\t\t\t\t<\/div>\n\t\t\t\t<div class=\"elementor-element elementor-element-c6f9979 elementor-widget elementor-widget-heading\" data-id=\"c6f9979\" data-element_type=\"widget\" data-widget_type=\"heading.default\">\n\t\t\t\t<div class=\"elementor-widget-container\">\n\t\t\t<h2 class=\"elementor-heading-title elementor-size-default\"><a href=\"http:\/\/aiglp3.hospedagemdesites.ws\/aiglp2023\/galeria\/segundo-dia\/\">Segundo d\u00eda<\/a><\/h2>\t\t<\/div>\n\t\t\t\t<\/div>\n\t\t\t\t<\/div>\n\t\t<div class=\"elementor-element elementor-element-b14c7e6 e-con-full e-con\" data-id=\"b14c7e6\" data-element_type=\"container\" data-settings=\"{&quot;content_width&quot;:&quot;full&quot;}\">\n\t\t\t\t<div class=\"elementor-element elementor-element-d313b84 elementor-widget elementor-widget-image\" data-id=\"d313b84\" data-element_type=\"widget\" data-widget_type=\"image.default\">\n\t\t\t\t<div class=\"elementor-widget-container\">\n\t\t\t\t\t\t\t\t\t\t\t\t\t\t\t\t<a href=\"http:\/\/aiglp3.hospedagemdesites.ws\/aiglp2023\/galeria\/ultimo-dia\/\">\n\t\t\t\t\t\t\t<img loading=\"lazy\" decoding=\"async\" width=\"800\" height=\"534\" src=\"https:\/\/aiglp.org\/aiglp2023\/wp-content\/uploads\/2023\/04\/2D4A6158-1024x683.jpg\" class=\"attachment-large size-large wp-image-2166\" alt=\"\" srcset=\"https:\/\/aiglp.org\/aiglp2023\/wp-content\/uploads\/2023\/04\/2D4A6158-1024x683.jpg 1024w, https:\/\/aiglp.org\/aiglp2023\/wp-content\/uploads\/2023\/04\/2D4A6158-300x200.jpg 300w, https:\/\/aiglp.org\/aiglp2023\/wp-content\/uploads\/2023\/04\/2D4A6158-768x512.jpg 768w, https:\/\/aiglp.org\/aiglp2023\/wp-content\/uploads\/2023\/04\/2D4A6158.jpg 1200w\" sizes=\"auto, (max-width: 800px) 100vw, 800px\" \/>\t\t\t\t\t\t\t\t<\/a>\n\t\t\t\t\t\t\t\t\t\t\t\t\t\t\t<\/div>\n\t\t\t\t<\/div>\n\t\t\t\t<div class=\"elementor-element elementor-element-7f56183 elementor-widget elementor-widget-heading\" data-id=\"7f56183\" data-element_type=\"widget\" data-widget_type=\"heading.default\">\n\t\t\t\t<div class=\"elementor-widget-container\">\n\t\t\t<h2 class=\"elementor-heading-title elementor-size-default\"><a href=\"http:\/\/aiglp3.hospedagemdesites.ws\/aiglp2023\/galeria\/ultimo-dia\/\">\u00daltimo d\u00eda<\/a><\/h2>\t\t<\/div>\n\t\t\t\t<\/div>\n\t\t\t\t<\/div>\n\t\t<div class=\"elementor-element elementor-element-92efa63 e-con-full e-con\" data-id=\"92efa63\" data-element_type=\"container\" data-settings=\"{&quot;content_width&quot;:&quot;full&quot;}\">\n\t\t\t\t<div class=\"elementor-element elementor-element-88b8958 elementor-widget elementor-widget-image\" data-id=\"88b8958\" data-element_type=\"widget\" data-widget_type=\"image.default\">\n\t\t\t\t<div class=\"elementor-widget-container\">\n\t\t\t\t\t\t\t\t\t\t\t\t\t\t\t\t<a href=\"http:\/\/aiglp3.hospedagemdesites.ws\/aiglp2023\/galeria\/cena-de-confraternizacion\/\">\n\t\t\t\t\t\t\t<img loading=\"lazy\" decoding=\"async\" width=\"800\" height=\"534\" src=\"https:\/\/aiglp.org\/aiglp2023\/wp-content\/uploads\/2023\/04\/2D4A5322-1024x683.jpg\" class=\"attachment-large size-large wp-image-1769\" alt=\"\" srcset=\"https:\/\/aiglp.org\/aiglp2023\/wp-content\/uploads\/2023\/04\/2D4A5322-1024x683.jpg 1024w, https:\/\/aiglp.org\/aiglp2023\/wp-content\/uploads\/2023\/04\/2D4A5322-300x200.jpg 300w, https:\/\/aiglp.org\/aiglp2023\/wp-content\/uploads\/2023\/04\/2D4A5322-768x512.jpg 768w, https:\/\/aiglp.org\/aiglp2023\/wp-content\/uploads\/2023\/04\/2D4A5322.jpg 1200w\" sizes=\"auto, (max-width: 800px) 100vw, 800px\" \/>\t\t\t\t\t\t\t\t<\/a>\n\t\t\t\t\t\t\t\t\t\t\t\t\t\t\t<\/div>\n\t\t\t\t<\/div>\n\t\t\t\t<div class=\"elementor-element elementor-element-2fc0026 elementor-widget elementor-widget-heading\" data-id=\"2fc0026\" data-element_type=\"widget\" data-widget_type=\"heading.default\">\n\t\t\t\t<div class=\"elementor-widget-container\">\n\t\t\t<h2 class=\"elementor-heading-title elementor-size-default\"><a href=\"http:\/\/aiglp3.hospedagemdesites.ws\/aiglp2023\/galeria\/cena-de-confraternizacion\/\">Cena de Confraternizaci\u00f3n<\/a><\/h2>\t\t<\/div>\n\t\t\t\t<\/div>\n\t\t\t\t<\/div>\n\t\t\t\t\t<\/div>\n\t\t\t\t<\/div>\n\t\t\t\t\t\t\t<\/div>\n\t\t","protected":false},"excerpt":{"rendered":"<p>Galer\u00eda C\u00f3ctel de Bienvenida Segundo d\u00eda \u00daltimo d\u00eda Cena de Confraternizaci\u00f3n<\/p>\n","protected":false},"author":1,"featured_media":0,"parent":0,"menu_order":0,"comment_status":"closed","ping_status":"closed","template":"elementor_header_footer","meta":{"footnotes":""},"class_list":["post-1712","page","type-page","status-publish","hentry"],"yoast_head":"<!-- This site is optimized with the Yoast SEO plugin v19.7.1 - https:\/\/yoast.com\/wordpress\/plugins\/seo\/ -->\n<title>Galer\u00eda - 36\u00ba Congreso de la AIGLP<\/title>\n<meta name=\"robots\" content=\"index, follow, max-snippet:-1, max-image-preview:large, max-video-preview:-1\" \/>\n<link rel=\"canonical\" href=\"https:\/\/aiglp.org\/aiglp2023\/galeria\/\" \/>\n<meta property=\"og:locale\" content=\"pt_BR\" \/>\n<meta property=\"og:type\" content=\"article\" \/>\n<meta property=\"og:title\" content=\"Galer\u00eda - 36\u00ba Congreso de la AIGLP\" \/>\n<meta property=\"og:description\" content=\"Galer\u00eda C\u00f3ctel de Bienvenida Segundo d\u00eda \u00daltimo d\u00eda Cena de Confraternizaci\u00f3n\" \/>\n<meta property=\"og:url\" content=\"https:\/\/aiglp.org\/aiglp2023\/galeria\/\" \/>\n<meta property=\"og:site_name\" content=\"36\u00ba Congreso de la AIGLP\" \/>\n<meta property=\"article:publisher\" content=\"https:\/\/www.facebook.com\/aiglp.org\" \/>\n<meta property=\"article:modified_time\" content=\"2023-04-05T13:24:30+00:00\" \/>\n<meta property=\"og:image\" content=\"http:\/\/aiglp3.hospedagemdesites.ws\/aiglp2023\/wp-content\/uploads\/2022\/09\/topo-1.png\" \/>\n<meta name=\"twitter:card\" content=\"summary_large_image\" \/>\n<meta name=\"twitter:label1\" content=\"Est. tempo de leitura\" \/>\n\t<meta name=\"twitter:data1\" content=\"2 minutos\" \/>\n<script type=\"application\/ld+json\" class=\"yoast-schema-graph\">{\"@context\":\"https:\/\/schema.org\",\"@graph\":[{\"@type\":\"WebPage\",\"@id\":\"https:\/\/aiglp.org\/aiglp2023\/galeria\/\",\"url\":\"https:\/\/aiglp.org\/aiglp2023\/galeria\/\",\"name\":\"Galer\u00eda - 36\u00ba Congreso de la AIGLP\",\"isPartOf\":{\"@id\":\"https:\/\/aiglp.org\/aiglp2023\/#website\"},\"datePublished\":\"2023-03-29T19:22:16+00:00\",\"dateModified\":\"2023-04-05T13:24:30+00:00\",\"breadcrumb\":{\"@id\":\"https:\/\/aiglp.org\/aiglp2023\/galeria\/#breadcrumb\"},\"inLanguage\":\"pt-BR\",\"potentialAction\":[{\"@type\":\"ReadAction\",\"target\":[\"https:\/\/aiglp.org\/aiglp2023\/galeria\/\"]}]},{\"@type\":\"BreadcrumbList\",\"@id\":\"https:\/\/aiglp.org\/aiglp2023\/galeria\/#breadcrumb\",\"itemListElement\":[{\"@type\":\"ListItem\",\"position\":1,\"name\":\"In\u00edcio\",\"item\":\"https:\/\/aiglp.org\/aiglp2023\/\"},{\"@type\":\"ListItem\",\"position\":2,\"name\":\"Galer\u00eda\"}]},{\"@type\":\"WebSite\",\"@id\":\"https:\/\/aiglp.org\/aiglp2023\/#website\",\"url\":\"https:\/\/aiglp.org\/aiglp2023\/\",\"name\":\"36\u00ba Congreso de la AIGLP\",\"description\":\"\",\"publisher\":{\"@id\":\"https:\/\/aiglp.org\/aiglp2023\/#organization\"},\"potentialAction\":[{\"@type\":\"SearchAction\",\"target\":{\"@type\":\"EntryPoint\",\"urlTemplate\":\"https:\/\/aiglp.org\/aiglp2023\/?s={search_term_string}\"},\"query-input\":\"required name=search_term_string\"}],\"inLanguage\":\"pt-BR\"},{\"@type\":\"Organization\",\"@id\":\"https:\/\/aiglp.org\/aiglp2023\/#organization\",\"name\":\"36\u00ba Congreso de la AIGLP\",\"url\":\"https:\/\/aiglp.org\/aiglp2023\/\",\"sameAs\":[\"https:\/\/www.linkedin.com\/company\/aiglp\/\",\"https:\/\/www.instagram.com\/aiglp.ibero\/\",\"https:\/\/www.facebook.com\/aiglp.org\"],\"logo\":{\"@type\":\"ImageObject\",\"inLanguage\":\"pt-BR\",\"@id\":\"https:\/\/aiglp.org\/aiglp2023\/#\/schema\/logo\/image\/\",\"url\":\"http:\/\/aiglp3.hospedagemdesites.ws\/aiglp2023\/wp-content\/uploads\/2022\/05\/logo.png\",\"contentUrl\":\"http:\/\/aiglp3.hospedagemdesites.ws\/aiglp2023\/wp-content\/uploads\/2022\/05\/logo.png\",\"width\":560,\"height\":175,\"caption\":\"36\u00ba Congreso de la AIGLP\"},\"image\":{\"@id\":\"https:\/\/aiglp.org\/aiglp2023\/#\/schema\/logo\/image\/\"}}]}<\/script>\n<!-- \/ Yoast SEO plugin. -->","yoast_head_json":{"title":"Galer\u00eda - 36\u00ba Congreso de la AIGLP","robots":{"index":"index","follow":"follow","max-snippet":"max-snippet:-1","max-image-preview":"max-image-preview:large","max-video-preview":"max-video-preview:-1"},"canonical":"https:\/\/aiglp.org\/aiglp2023\/galeria\/","og_locale":"pt_BR","og_type":"article","og_title":"Galer\u00eda - 36\u00ba Congreso de la AIGLP","og_description":"Galer\u00eda C\u00f3ctel de Bienvenida Segundo d\u00eda \u00daltimo d\u00eda Cena de Confraternizaci\u00f3n","og_url":"https:\/\/aiglp.org\/aiglp2023\/galeria\/","og_site_name":"36\u00ba Congreso de la AIGLP","article_publisher":"https:\/\/www.facebook.com\/aiglp.org","article_modified_time":"2023-04-05T13:24:30+00:00","og_image":[{"url":"http:\/\/aiglp3.hospedagemdesites.ws\/aiglp2023\/wp-content\/uploads\/2022\/09\/topo-1.png"}],"twitter_card":"summary_large_image","twitter_misc":{"Est. tempo de leitura":"2 minutos"},"schema":{"@context":"https:\/\/schema.org","@graph":[{"@type":"WebPage","@id":"https:\/\/aiglp.org\/aiglp2023\/galeria\/","url":"https:\/\/aiglp.org\/aiglp2023\/galeria\/","name":"Galer\u00eda - 36\u00ba Congreso de la AIGLP","isPartOf":{"@id":"https:\/\/aiglp.org\/aiglp2023\/#website"},"datePublished":"2023-03-29T19:22:16+00:00","dateModified":"2023-04-05T13:24:30+00:00","breadcrumb":{"@id":"https:\/\/aiglp.org\/aiglp2023\/galeria\/#breadcrumb"},"inLanguage":"pt-BR","potentialAction":[{"@type":"ReadAction","target":["https:\/\/aiglp.org\/aiglp2023\/galeria\/"]}]},{"@type":"BreadcrumbList","@id":"https:\/\/aiglp.org\/aiglp2023\/galeria\/#breadcrumb","itemListElement":[{"@type":"ListItem","position":1,"name":"In\u00edcio","item":"https:\/\/aiglp.org\/aiglp2023\/"},{"@type":"ListItem","position":2,"name":"Galer\u00eda"}]},{"@type":"WebSite","@id":"https:\/\/aiglp.org\/aiglp2023\/#website","url":"https:\/\/aiglp.org\/aiglp2023\/","name":"36\u00ba Congreso de la AIGLP","description":"","publisher":{"@id":"https:\/\/aiglp.org\/aiglp2023\/#organization"},"potentialAction":[{"@type":"SearchAction","target":{"@type":"EntryPoint","urlTemplate":"https:\/\/aiglp.org\/aiglp2023\/?s={search_term_string}"},"query-input":"required name=search_term_string"}],"inLanguage":"pt-BR"},{"@type":"Organization","@id":"https:\/\/aiglp.org\/aiglp2023\/#organization","name":"36\u00ba Congreso de la AIGLP","url":"https:\/\/aiglp.org\/aiglp2023\/","sameAs":["https:\/\/www.linkedin.com\/company\/aiglp\/","https:\/\/www.instagram.com\/aiglp.ibero\/","https:\/\/www.facebook.com\/aiglp.org"],"logo":{"@type":"ImageObject","inLanguage":"pt-BR","@id":"https:\/\/aiglp.org\/aiglp2023\/#\/schema\/logo\/image\/","url":"http:\/\/aiglp3.hospedagemdesites.ws\/aiglp2023\/wp-content\/uploads\/2022\/05\/logo.png","contentUrl":"http:\/\/aiglp3.hospedagemdesites.ws\/aiglp2023\/wp-content\/uploads\/2022\/05\/logo.png","width":560,"height":175,"caption":"36\u00ba Congreso de la AIGLP"},"image":{"@id":"https:\/\/aiglp.org\/aiglp2023\/#\/schema\/logo\/image\/"}}]}},"_links":{"self":[{"href":"https:\/\/aiglp.org\/aiglp2023\/wp-json\/wp\/v2\/pages\/1712","targetHints":{"allow":["GET"]}}],"collection":[{"href":"https:\/\/aiglp.org\/aiglp2023\/wp-json\/wp\/v2\/pages"}],"about":[{"href":"https:\/\/aiglp.org\/aiglp2023\/wp-json\/wp\/v2\/types\/page"}],"author":[{"embeddable":true,"href":"https:\/\/aiglp.org\/aiglp2023\/wp-json\/wp\/v2\/users\/1"}],"replies":[{"embeddable":true,"href":"https:\/\/aiglp.org\/aiglp2023\/wp-json\/wp\/v2\/comments?post=1712"}],"version-history":[{"count":43,"href":"https:\/\/aiglp.org\/aiglp2023\/wp-json\/wp\/v2\/pages\/1712\/revisions"}],"predecessor-version":[{"id":2308,"href":"https:\/\/aiglp.org\/aiglp2023\/wp-json\/wp\/v2\/pages\/1712\/revisions\/2308"}],"wp:attachment":[{"href":"https:\/\/aiglp.org\/aiglp2023\/wp-json\/wp\/v2\/media?parent=1712"}],"curies":[{"name":"wp","href":"https:\/\/api.w.org\/{rel}","templated":true}]}}